{"id":2737,"date":"2024-07-15T11:26:19","date_gmt":"2024-07-15T11:26:19","guid":{"rendered":"https:\/\/clima-pro.ch\/?post_type=product&#038;p=2737"},"modified":"2024-10-08T11:16:08","modified_gmt":"2024-10-08T11:16:08","slug":"climatiseur-portable-220v-avec-reservoir-de-8l","status":"publish","type":"product","link":"https:\/\/clima-pro.ch\/en\/product\/climatiseur-portable-220v-avec-reservoir-de-8l\/","title":{"rendered":"220V Portable Air Conditioner with 8L Tank"},"content":{"rendered":"<p>Discover our 220V portable air conditioner with an 8L tank, designed to provide efficient and environmentally friendly cooling. With high-density ice crystals, this air conditioning fan guarantees optimal comfort while consuming little energy.<\/p>\n<h4>Advantages and strengths<\/h4>\n<ul>\n<li><strong>Rapid cooling<\/strong> : Large, high-density ice crystals provide instant cooling.<\/li>\n<li><strong>Silent<\/strong> : Noise-reducing interior turbine design for a peaceful environment.<\/li>\n<li><strong>Generous water tank<\/strong> : 8L capacity, equivalent to about 20 cups, for long use.<\/li>\n<li><strong>Energy saving<\/strong> : Consumes as much as an electric fan while providing climatic comfort.<\/li>\n<li><strong>Synchronization function<\/strong> : Set the timer from 1 to 8 hours with remote controlled models.<\/li>\n<li><strong>Various ventilation modes<\/strong> : Sleep wind, normal wind and natural wind to suit your needs.<\/li>\n<\/ul>","protected":false},"excerpt":{"rendered":"<p>220V portable air conditioner with 8L tank. Fast cooling with ice crystals, quiet and energy efficient. Perfect for staying cool this summer.<\/p>","protected":false},"featured_media":2739,"comment_status":"open","ping_status":"closed","template":"","meta":{"site-sidebar-layout":"default","site-content-layout":"","ast-site-content-layout":"default","site-content-style":"default","site-sidebar-style":"default","ast-global-header-display":"","ast-banner-title-visibility":"","ast-main-header-display":"","ast-hfb-above-header-display":"","ast-hfb-below-header-display":"","ast-hfb-mobile-header-display":"","site-post-title":"","ast-breadcrumbs-content":"","ast-featured-img":"","footer-sml-layout":"","theme-transparent-header-meta":"default","adv-header-id-meta":"","stick-header-meta":"","header-above-stick-meta":"","header-main-stick-meta":"","header-below-stick-meta":"","astra-migrate-meta-layouts":"set","ast-page-background-enabled":"default","ast-page-background-meta":{"desktop":{"background-color":"var(--ast-global-color-4)","background-image":"","background-repeat":"repeat","background-position":"center center","background-size":"auto","background-attachment":"scroll","background-type":"","background-media":"","overlay-type":"","overlay-color":"","overlay-opacity":"","overlay-gradient":""},"tablet":{"background-color":"","background-image":"","background-repeat":"repeat","background-position":"center center","background-size":"auto","background-attachment":"scroll","background-type":"","background-media":"","overlay-type":"","overlay-color":"","overlay-opacity":"","overlay-gradient":""},"mobile":{"background-color":"","background-image":"","background-repeat":"repeat","background-position":"center center","background-size":"auto","background-attachment":"scroll","background-type":"","background-media":"","overlay-type":"","overlay-color":"","overlay-opacity":"","overlay-gradient":""}},"ast-content-background-meta":{"desktop":{"background-color":"var(--ast-global-color-5)","background-image":"","background-repeat":"repeat","background-position":"center center","background-size":"auto","background-attachment":"scroll","background-type":"","background-media":"","overlay-type":"","overlay-color":"","overlay-opacity":"","overlay-gradient":""},"tablet":{"background-color":"var(--ast-global-color-5)","background-image":"","background-repeat":"repeat","background-position":"center center","background-size":"auto","background-attachment":"scroll","background-type":"","background-media":"","overlay-type":"","overlay-color":"","overlay-opacity":"","overlay-gradient":""},"mobile":{"background-color":"var(--ast-global-color-5)","background-image":"","background-repeat":"repeat","background-position":"center center","background-size":"auto","background-attachment":"scroll","background-type":"","background-media":"","overlay-type":"","overlay-color":"","overlay-opacity":"","overlay-gradient":""}}},"product_brand":[],"product_cat":[15,261],"product_tag":[445,444,73,31,262,33,48],"class_list":{"0":"post-2737","1":"product","2":"type-product","3":"status-publish","4":"has-post-thumbnail","6":"product_cat-climatiseurs","7":"product_cat-gestion-de-la-temperature","8":"product_tag-220v","9":"product_tag-8l","10":"product_tag-air","11":"product_tag-climatiseur","12":"product_tag-climatiseur-portable","13":"product_tag-ete","14":"product_tag-portable","15":"pa_couleur-bleu","16":"pa_couleur-noir","17":"pa_couleur-noir-avec-telecommande","18":"pa_couleur-vert","19":"pa_couleur-vert-avec-telecommande","20":"desktop-align-left","21":"tablet-align-left","22":"mobile-align-left","24":"first","25":"instock","26":"shipping-taxable","27":"purchasable","28":"product-type-variable"},"yoast_head":"<!-- This site is optimized with the Yoast SEO plugin v25.3 - https:\/\/yoast.com\/wordpress\/plugins\/seo\/ -->\n<title>Climatiseur Portable 220V avec R\u00e9servoir de 8L<\/title>\n<meta name=\"description\" content=\"Climatiseur portable 220V, r\u00e9servoir de 8L. Refroidissement rapide, silencieux et \u00e9co\u00e9nerg\u00e9tique. Id\u00e9al pour un confort optimal cet \u00e9t\u00e9.\" \/>\n<meta name=\"robots\" content=\"index, follow, max-snippet:-1, max-image-preview:large, max-video-preview:-1\" \/>\n<link rel=\"canonical\" href=\"https:\/\/clima-pro.ch\/en\/product\/climatiseur-portable-220v-avec-reservoir-de-8l\/\" \/>\n<meta property=\"og:locale\" content=\"en_US\" \/>\n<meta property=\"og:type\" content=\"article\" \/>\n<meta property=\"og:title\" content=\"Climatiseur Portable 220V avec R\u00e9servoir de 8L\" \/>\n<meta property=\"og:description\" content=\"Climatiseur portable 220V, r\u00e9servoir de 8L. Refroidissement rapide, silencieux et \u00e9co\u00e9nerg\u00e9tique. Id\u00e9al pour un confort optimal cet \u00e9t\u00e9.\" \/>\n<meta property=\"og:url\" content=\"https:\/\/clima-pro.ch\/en\/product\/climatiseur-portable-220v-avec-reservoir-de-8l\/\" \/>\n<meta property=\"og:site_name\" content=\"Clim pro solutions\" \/>\n<meta property=\"article:modified_time\" content=\"2024-10-08T11:16:08+00:00\" \/>\n<meta property=\"og:image\" content=\"https:\/\/clima-pro.ch\/wp-content\/uploads\/2024\/07\/1869906320.webp\" \/>\n\t<meta property=\"og:image:width\" content=\"800\" \/>\n\t<meta property=\"og:image:height\" content=\"800\" \/>\n\t<meta property=\"og:image:type\" content=\"image\/webp\" \/>\n<meta name=\"twitter:card\" content=\"summary_large_image\" \/>\n<meta name=\"twitter:label1\" content=\"Est. reading time\" \/>\n\t<meta name=\"twitter:data1\" content=\"1 minute\" \/>\n<script type=\"application\/ld+json\" class=\"yoast-schema-graph\">{\"@context\":\"https:\/\/schema.org\",\"@graph\":[{\"@type\":\"WebPage\",\"@id\":\"https:\/\/clima-pro.ch\/produit\/climatiseur-portable-220v-avec-reservoir-de-8l\/\",\"url\":\"https:\/\/clima-pro.ch\/produit\/climatiseur-portable-220v-avec-reservoir-de-8l\/\",\"name\":\"Climatiseur Portable 220V avec R\u00e9servoir de 8L\",\"isPartOf\":{\"@id\":\"https:\/\/clima-pro.ch\/#website\"},\"primaryImageOfPage\":{\"@id\":\"https:\/\/clima-pro.ch\/produit\/climatiseur-portable-220v-avec-reservoir-de-8l\/#primaryimage\"},\"image\":{\"@id\":\"https:\/\/clima-pro.ch\/produit\/climatiseur-portable-220v-avec-reservoir-de-8l\/#primaryimage\"},\"thumbnailUrl\":\"https:\/\/clima-pro.ch\/wp-content\/uploads\/2024\/07\/1869906320.webp\",\"datePublished\":\"2024-07-15T11:26:19+00:00\",\"dateModified\":\"2024-10-08T11:16:08+00:00\",\"description\":\"Climatiseur portable 220V, r\u00e9servoir de 8L. Refroidissement rapide, silencieux et \u00e9co\u00e9nerg\u00e9tique. Id\u00e9al pour un confort optimal cet \u00e9t\u00e9.\",\"breadcrumb\":{\"@id\":\"https:\/\/clima-pro.ch\/produit\/climatiseur-portable-220v-avec-reservoir-de-8l\/#breadcrumb\"},\"inLanguage\":\"en-US\",\"potentialAction\":[{\"@type\":\"ReadAction\",\"target\":[\"https:\/\/clima-pro.ch\/produit\/climatiseur-portable-220v-avec-reservoir-de-8l\/\"]}]},{\"@type\":\"ImageObject\",\"inLanguage\":\"en-US\",\"@id\":\"https:\/\/clima-pro.ch\/produit\/climatiseur-portable-220v-avec-reservoir-de-8l\/#primaryimage\",\"url\":\"https:\/\/clima-pro.ch\/wp-content\/uploads\/2024\/07\/1869906320.webp\",\"contentUrl\":\"https:\/\/clima-pro.ch\/wp-content\/uploads\/2024\/07\/1869906320.webp\",\"width\":800,\"height\":800,\"caption\":\"Climatiseur Portable 220V avec R\u00e9servoir de 8L 2\"},{\"@type\":\"BreadcrumbList\",\"@id\":\"https:\/\/clima-pro.ch\/produit\/climatiseur-portable-220v-avec-reservoir-de-8l\/#breadcrumb\",\"itemListElement\":[{\"@type\":\"ListItem\",\"position\":1,\"name\":\"Accueil\",\"item\":\"https:\/\/clima-pro.ch\/\"},{\"@type\":\"ListItem\",\"position\":2,\"name\":\"Boutique\",\"item\":\"https:\/\/clima-pro.ch\/boutique\/\"},{\"@type\":\"ListItem\",\"position\":3,\"name\":\"Climatiseur Portable 220V avec R\u00e9servoir de 8L\"}]},{\"@type\":\"WebSite\",\"@id\":\"https:\/\/clima-pro.ch\/#website\",\"url\":\"https:\/\/clima-pro.ch\/\",\"name\":\"Clim pro solutions\",\"description\":\"\",\"publisher\":{\"@id\":\"https:\/\/clima-pro.ch\/#organization\"},\"potentialAction\":[{\"@type\":\"SearchAction\",\"target\":{\"@type\":\"EntryPoint\",\"urlTemplate\":\"https:\/\/clima-pro.ch\/?s={search_term_string}\"},\"query-input\":{\"@type\":\"PropertyValueSpecification\",\"valueRequired\":true,\"valueName\":\"search_term_string\"}}],\"inLanguage\":\"en-US\"},{\"@type\":\"Organization\",\"@id\":\"https:\/\/clima-pro.ch\/#organization\",\"name\":\"Clim pro solutions\",\"url\":\"https:\/\/clima-pro.ch\/\",\"logo\":{\"@type\":\"ImageObject\",\"inLanguage\":\"en-US\",\"@id\":\"https:\/\/clima-pro.ch\/#\/schema\/logo\/image\/\",\"url\":\"https:\/\/clima-pro.ch\/wp-content\/uploads\/2024\/07\/Asset-5@22x-3-1.png\",\"contentUrl\":\"https:\/\/clima-pro.ch\/wp-content\/uploads\/2024\/07\/Asset-5@22x-3-1.png\",\"width\":3334,\"height\":697,\"caption\":\"Clim pro  solutions\"},\"image\":{\"@id\":\"https:\/\/clima-pro.ch\/#\/schema\/logo\/image\/\"}}]}<\/script>\n<!-- \/ Yoast SEO plugin. -->","yoast_head_json":{"title":"Climatiseur Portable 220V avec R\u00e9servoir de 8L","description":"Climatiseur portable 220V, r\u00e9servoir de 8L. Refroidissement rapide, silencieux et \u00e9co\u00e9nerg\u00e9tique. Id\u00e9al pour un confort optimal cet \u00e9t\u00e9.","robots":{"index":"index","follow":"follow","max-snippet":"max-snippet:-1","max-image-preview":"max-image-preview:large","max-video-preview":"max-video-preview:-1"},"canonical":"https:\/\/clima-pro.ch\/en\/product\/climatiseur-portable-220v-avec-reservoir-de-8l\/","og_locale":"en_US","og_type":"article","og_title":"Climatiseur Portable 220V avec R\u00e9servoir de 8L","og_description":"Climatiseur portable 220V, r\u00e9servoir de 8L. Refroidissement rapide, silencieux et \u00e9co\u00e9nerg\u00e9tique. Id\u00e9al pour un confort optimal cet \u00e9t\u00e9.","og_url":"https:\/\/clima-pro.ch\/en\/product\/climatiseur-portable-220v-avec-reservoir-de-8l\/","og_site_name":"Clim pro solutions","article_modified_time":"2024-10-08T11:16:08+00:00","og_image":[{"width":800,"height":800,"url":"https:\/\/clima-pro.ch\/wp-content\/uploads\/2024\/07\/1869906320.webp","type":"image\/webp"}],"twitter_card":"summary_large_image","twitter_misc":{"Est. reading time":"1 minute"},"schema":{"@context":"https:\/\/schema.org","@graph":[{"@type":"WebPage","@id":"https:\/\/clima-pro.ch\/produit\/climatiseur-portable-220v-avec-reservoir-de-8l\/","url":"https:\/\/clima-pro.ch\/produit\/climatiseur-portable-220v-avec-reservoir-de-8l\/","name":"Climatiseur Portable 220V avec R\u00e9servoir de 8L","isPartOf":{"@id":"https:\/\/clima-pro.ch\/#website"},"primaryImageOfPage":{"@id":"https:\/\/clima-pro.ch\/produit\/climatiseur-portable-220v-avec-reservoir-de-8l\/#primaryimage"},"image":{"@id":"https:\/\/clima-pro.ch\/produit\/climatiseur-portable-220v-avec-reservoir-de-8l\/#primaryimage"},"thumbnailUrl":"https:\/\/clima-pro.ch\/wp-content\/uploads\/2024\/07\/1869906320.webp","datePublished":"2024-07-15T11:26:19+00:00","dateModified":"2024-10-08T11:16:08+00:00","description":"Climatiseur portable 220V, r\u00e9servoir de 8L. Refroidissement rapide, silencieux et \u00e9co\u00e9nerg\u00e9tique. Id\u00e9al pour un confort optimal cet \u00e9t\u00e9.","breadcrumb":{"@id":"https:\/\/clima-pro.ch\/produit\/climatiseur-portable-220v-avec-reservoir-de-8l\/#breadcrumb"},"inLanguage":"en-US","potentialAction":[{"@type":"ReadAction","target":["https:\/\/clima-pro.ch\/produit\/climatiseur-portable-220v-avec-reservoir-de-8l\/"]}]},{"@type":"ImageObject","inLanguage":"en-US","@id":"https:\/\/clima-pro.ch\/produit\/climatiseur-portable-220v-avec-reservoir-de-8l\/#primaryimage","url":"https:\/\/clima-pro.ch\/wp-content\/uploads\/2024\/07\/1869906320.webp","contentUrl":"https:\/\/clima-pro.ch\/wp-content\/uploads\/2024\/07\/1869906320.webp","width":800,"height":800,"caption":"Climatiseur Portable 220V avec R\u00e9servoir de 8L 2"},{"@type":"BreadcrumbList","@id":"https:\/\/clima-pro.ch\/produit\/climatiseur-portable-220v-avec-reservoir-de-8l\/#breadcrumb","itemListElement":[{"@type":"ListItem","position":1,"name":"Accueil","item":"https:\/\/clima-pro.ch\/"},{"@type":"ListItem","position":2,"name":"Boutique","item":"https:\/\/clima-pro.ch\/boutique\/"},{"@type":"ListItem","position":3,"name":"Climatiseur Portable 220V avec R\u00e9servoir de 8L"}]},{"@type":"WebSite","@id":"https:\/\/clima-pro.ch\/#website","url":"https:\/\/clima-pro.ch\/","name":"Clim pro solutions","description":"","publisher":{"@id":"https:\/\/clima-pro.ch\/#organization"},"potentialAction":[{"@type":"SearchAction","target":{"@type":"EntryPoint","urlTemplate":"https:\/\/clima-pro.ch\/?s={search_term_string}"},"query-input":{"@type":"PropertyValueSpecification","valueRequired":true,"valueName":"search_term_string"}}],"inLanguage":"en-US"},{"@type":"Organization","@id":"https:\/\/clima-pro.ch\/#organization","name":"Clim pro solutions","url":"https:\/\/clima-pro.ch\/","logo":{"@type":"ImageObject","inLanguage":"en-US","@id":"https:\/\/clima-pro.ch\/#\/schema\/logo\/image\/","url":"https:\/\/clima-pro.ch\/wp-content\/uploads\/2024\/07\/Asset-5@22x-3-1.png","contentUrl":"https:\/\/clima-pro.ch\/wp-content\/uploads\/2024\/07\/Asset-5@22x-3-1.png","width":3334,"height":697,"caption":"Clim pro  solutions"},"image":{"@id":"https:\/\/clima-pro.ch\/#\/schema\/logo\/image\/"}}]}},"_links":{"self":[{"href":"https:\/\/clima-pro.ch\/en\/wp-json\/wp\/v2\/product\/2737","targetHints":{"allow":["GET"]}}],"collection":[{"href":"https:\/\/clima-pro.ch\/en\/wp-json\/wp\/v2\/product"}],"about":[{"href":"https:\/\/clima-pro.ch\/en\/wp-json\/wp\/v2\/types\/product"}],"replies":[{"embeddable":true,"href":"https:\/\/clima-pro.ch\/en\/wp-json\/wp\/v2\/comments?post=2737"}],"wp:featuredmedia":[{"embeddable":true,"href":"https:\/\/clima-pro.ch\/en\/wp-json\/wp\/v2\/media\/2739"}],"wp:attachment":[{"href":"https:\/\/clima-pro.ch\/en\/wp-json\/wp\/v2\/media?parent=2737"}],"wp:term":[{"taxonomy":"product_brand","embeddable":true,"href":"https:\/\/clima-pro.ch\/en\/wp-json\/wp\/v2\/product_brand?post=2737"},{"taxonomy":"product_cat","embeddable":true,"href":"https:\/\/clima-pro.ch\/en\/wp-json\/wp\/v2\/product_cat?post=2737"},{"taxonomy":"product_tag","embeddable":true,"href":"https:\/\/clima-pro.ch\/en\/wp-json\/wp\/v2\/product_tag?post=2737"}],"curies":[{"name":"wp","href":"https:\/\/api.w.org\/{rel}","templated":true}]}}