{"id":2549,"date":"2024-07-14T21:56:14","date_gmt":"2024-07-14T21:56:14","guid":{"rendered":"https:\/\/clima-pro.ch\/?post_type=product&#038;p=2549"},"modified":"2024-10-08T11:15:05","modified_gmt":"2024-10-08T11:15:05","slug":"ventilateur-tour-sans-lame-517c","status":"publish","type":"product","link":"https:\/\/clima-pro.ch\/en\/product\/ventilateur-tour-sans-lame-517c\/","title":{"rendered":"Bladeless Tower Fan 517C"},"content":{"rendered":"<p>Meet the 517C bladeless tower fan, ideal for quiet, personal cooling in your bedroom. With two fan speeds and three power modes, this small fan is perfect for tight spaces. Equipped with a dense safety net and a desk lamp with adjustable brightness, this fan is both practical and safe.<\/p>\n<h3>Advantages and Strengths<\/h3>\n<ul>\n<li><strong>Compact design<\/strong> : Perfect for tight spaces with excellent placement flexibility.<\/li>\n<li><strong>Maximum Security<\/strong> : Equipped with dense safety net and airtight fan.<\/li>\n<li><strong>Double Speed<\/strong> : Two speeds to adjust the air volume according to your needs.<\/li>\n<li><strong>Versatile Power Supply<\/strong> : Operates on three AA batteries, via USB cable or phone charger.<\/li>\n<li><strong>Integrated Desk Lamp<\/strong> : The top is equipped with a desk lamp with two brightness levels.<\/li>\n<\/ul>","protected":false},"excerpt":{"rendered":"<p>517C Bladeless Tower Fan, Quiet and Compact, with Two Speeds and Adjustable Desk Lamp. Perfect for tight spaces.<\/p>","protected":false},"featured_media":2554,"comment_status":"open","ping_status":"closed","template":"","meta":{"site-sidebar-layout":"default","site-content-layout":"","ast-site-content-layout":"default","site-content-style":"default","site-sidebar-style":"default","ast-global-header-display":"","ast-banner-title-visibility":"","ast-main-header-display":"","ast-hfb-above-header-display":"","ast-hfb-below-header-display":"","ast-hfb-mobile-header-display":"","site-post-title":"","ast-breadcrumbs-content":"","ast-featured-img":"","footer-sml-layout":"","theme-transparent-header-meta":"default","adv-header-id-meta":"","stick-header-meta":"","header-above-stick-meta":"","header-main-stick-meta":"","header-below-stick-meta":"","astra-migrate-meta-layouts":"set","ast-page-background-enabled":"default","ast-page-background-meta":{"desktop":{"background-color":"var(--ast-global-color-4)","background-image":"","background-repeat":"repeat","background-position":"center center","background-size":"auto","background-attachment":"scroll","background-type":"","background-media":"","overlay-type":"","overlay-color":"","overlay-opacity":"","overlay-gradient":""},"tablet":{"background-color":"","background-image":"","background-repeat":"repeat","background-position":"center center","background-size":"auto","background-attachment":"scroll","background-type":"","background-media":"","overlay-type":"","overlay-color":"","overlay-opacity":"","overlay-gradient":""},"mobile":{"background-color":"","background-image":"","background-repeat":"repeat","background-position":"center center","background-size":"auto","background-attachment":"scroll","background-type":"","background-media":"","overlay-type":"","overlay-color":"","overlay-opacity":"","overlay-gradient":""}},"ast-content-background-meta":{"desktop":{"background-color":"var(--ast-global-color-5)","background-image":"","background-repeat":"repeat","background-position":"center center","background-size":"auto","background-attachment":"scroll","background-type":"","background-media":"","overlay-type":"","overlay-color":"","overlay-opacity":"","overlay-gradient":""},"tablet":{"background-color":"var(--ast-global-color-5)","background-image":"","background-repeat":"repeat","background-position":"center center","background-size":"auto","background-attachment":"scroll","background-type":"","background-media":"","overlay-type":"","overlay-color":"","overlay-opacity":"","overlay-gradient":""},"mobile":{"background-color":"var(--ast-global-color-5)","background-image":"","background-repeat":"repeat","background-position":"center center","background-size":"auto","background-attachment":"scroll","background-type":"","background-media":"","overlay-type":"","overlay-color":"","overlay-opacity":"","overlay-gradient":""}}},"product_brand":[],"product_cat":[261,124,169],"product_tag":[407,73,406,41,132],"class_list":{"0":"post-2549","1":"product","2":"type-product","3":"status-publish","4":"has-post-thumbnail","6":"product_cat-gestion-de-la-temperature","7":"product_cat-ventilateur-vertical","8":"product_cat-ventilateurs","9":"product_tag-2-vitesses","10":"product_tag-air","11":"product_tag-lame","12":"product_tag-ventilateur","13":"product_tag-ventilateur-de-tour","14":"desktop-align-left","15":"tablet-align-left","16":"mobile-align-left","18":"first","19":"instock","20":"shipping-taxable","21":"purchasable","22":"product-type-simple"},"yoast_head":"<!-- This site is optimized with the Yoast SEO plugin v25.3 - https:\/\/yoast.com\/wordpress\/plugins\/seo\/ -->\n<title>Ventilateur Tour Sans Lame 517C<\/title>\n<meta name=\"description\" content=\"Ventilateur tour sans lame 517C : compact, silencieux, et s\u00fbr. Double vitesse et alimentation flexible. Id\u00e9al pour la chambre \u00e0 coucher.\" \/>\n<meta name=\"robots\" content=\"index, follow, max-snippet:-1, max-image-preview:large, max-video-preview:-1\" \/>\n<link rel=\"canonical\" href=\"https:\/\/clima-pro.ch\/en\/product\/ventilateur-tour-sans-lame-517c\/\" \/>\n<meta property=\"og:locale\" content=\"en_US\" \/>\n<meta property=\"og:type\" content=\"article\" \/>\n<meta property=\"og:title\" content=\"Ventilateur Tour Sans Lame 517C\" \/>\n<meta property=\"og:description\" content=\"Ventilateur tour sans lame 517C : compact, silencieux, et s\u00fbr. Double vitesse et alimentation flexible. Id\u00e9al pour la chambre \u00e0 coucher.\" \/>\n<meta property=\"og:url\" content=\"https:\/\/clima-pro.ch\/en\/product\/ventilateur-tour-sans-lame-517c\/\" \/>\n<meta property=\"og:site_name\" content=\"Clim pro solutions\" \/>\n<meta property=\"article:modified_time\" content=\"2024-10-08T11:15:05+00:00\" \/>\n<meta property=\"og:image\" content=\"https:\/\/clima-pro.ch\/wp-content\/uploads\/2024\/07\/268939091.webp\" \/>\n\t<meta property=\"og:image:width\" content=\"800\" \/>\n\t<meta property=\"og:image:height\" content=\"800\" \/>\n\t<meta property=\"og:image:type\" content=\"image\/webp\" \/>\n<meta name=\"twitter:card\" content=\"summary_large_image\" \/>\n<meta name=\"twitter:label1\" content=\"Est. reading time\" \/>\n\t<meta name=\"twitter:data1\" content=\"1 minute\" \/>\n<script type=\"application\/ld+json\" class=\"yoast-schema-graph\">{\"@context\":\"https:\/\/schema.org\",\"@graph\":[{\"@type\":\"WebPage\",\"@id\":\"https:\/\/clima-pro.ch\/produit\/ventilateur-tour-sans-lame-517c\/\",\"url\":\"https:\/\/clima-pro.ch\/produit\/ventilateur-tour-sans-lame-517c\/\",\"name\":\"Ventilateur Tour Sans Lame 517C\",\"isPartOf\":{\"@id\":\"https:\/\/clima-pro.ch\/#website\"},\"primaryImageOfPage\":{\"@id\":\"https:\/\/clima-pro.ch\/produit\/ventilateur-tour-sans-lame-517c\/#primaryimage\"},\"image\":{\"@id\":\"https:\/\/clima-pro.ch\/produit\/ventilateur-tour-sans-lame-517c\/#primaryimage\"},\"thumbnailUrl\":\"https:\/\/clima-pro.ch\/wp-content\/uploads\/2024\/07\/268939091.webp\",\"datePublished\":\"2024-07-14T21:56:14+00:00\",\"dateModified\":\"2024-10-08T11:15:05+00:00\",\"description\":\"Ventilateur tour sans lame 517C : compact, silencieux, et s\u00fbr. Double vitesse et alimentation flexible. Id\u00e9al pour la chambre \u00e0 coucher.\",\"breadcrumb\":{\"@id\":\"https:\/\/clima-pro.ch\/produit\/ventilateur-tour-sans-lame-517c\/#breadcrumb\"},\"inLanguage\":\"en-US\",\"potentialAction\":[{\"@type\":\"ReadAction\",\"target\":[\"https:\/\/clima-pro.ch\/produit\/ventilateur-tour-sans-lame-517c\/\"]}]},{\"@type\":\"ImageObject\",\"inLanguage\":\"en-US\",\"@id\":\"https:\/\/clima-pro.ch\/produit\/ventilateur-tour-sans-lame-517c\/#primaryimage\",\"url\":\"https:\/\/clima-pro.ch\/wp-content\/uploads\/2024\/07\/268939091.webp\",\"contentUrl\":\"https:\/\/clima-pro.ch\/wp-content\/uploads\/2024\/07\/268939091.webp\",\"width\":800,\"height\":800,\"caption\":\"Ventilateur Tour Sans Lame 517C 5\"},{\"@type\":\"BreadcrumbList\",\"@id\":\"https:\/\/clima-pro.ch\/produit\/ventilateur-tour-sans-lame-517c\/#breadcrumb\",\"itemListElement\":[{\"@type\":\"ListItem\",\"position\":1,\"name\":\"Accueil\",\"item\":\"https:\/\/clima-pro.ch\/\"},{\"@type\":\"ListItem\",\"position\":2,\"name\":\"Boutique\",\"item\":\"https:\/\/clima-pro.ch\/boutique\/\"},{\"@type\":\"ListItem\",\"position\":3,\"name\":\"Ventilateur Tour Sans Lame 517C\"}]},{\"@type\":\"WebSite\",\"@id\":\"https:\/\/clima-pro.ch\/#website\",\"url\":\"https:\/\/clima-pro.ch\/\",\"name\":\"Clim pro solutions\",\"description\":\"\",\"publisher\":{\"@id\":\"https:\/\/clima-pro.ch\/#organization\"},\"potentialAction\":[{\"@type\":\"SearchAction\",\"target\":{\"@type\":\"EntryPoint\",\"urlTemplate\":\"https:\/\/clima-pro.ch\/?s={search_term_string}\"},\"query-input\":{\"@type\":\"PropertyValueSpecification\",\"valueRequired\":true,\"valueName\":\"search_term_string\"}}],\"inLanguage\":\"en-US\"},{\"@type\":\"Organization\",\"@id\":\"https:\/\/clima-pro.ch\/#organization\",\"name\":\"Clim pro solutions\",\"url\":\"https:\/\/clima-pro.ch\/\",\"logo\":{\"@type\":\"ImageObject\",\"inLanguage\":\"en-US\",\"@id\":\"https:\/\/clima-pro.ch\/#\/schema\/logo\/image\/\",\"url\":\"https:\/\/clima-pro.ch\/wp-content\/uploads\/2024\/07\/Asset-5@22x-3-1.png\",\"contentUrl\":\"https:\/\/clima-pro.ch\/wp-content\/uploads\/2024\/07\/Asset-5@22x-3-1.png\",\"width\":3334,\"height\":697,\"caption\":\"Clim pro  solutions\"},\"image\":{\"@id\":\"https:\/\/clima-pro.ch\/#\/schema\/logo\/image\/\"}}]}<\/script>\n<!-- \/ Yoast SEO plugin. -->","yoast_head_json":{"title":"Ventilateur Tour Sans Lame 517C","description":"Ventilateur tour sans lame 517C : compact, silencieux, et s\u00fbr. Double vitesse et alimentation flexible. Id\u00e9al pour la chambre \u00e0 coucher.","robots":{"index":"index","follow":"follow","max-snippet":"max-snippet:-1","max-image-preview":"max-image-preview:large","max-video-preview":"max-video-preview:-1"},"canonical":"https:\/\/clima-pro.ch\/en\/product\/ventilateur-tour-sans-lame-517c\/","og_locale":"en_US","og_type":"article","og_title":"Ventilateur Tour Sans Lame 517C","og_description":"Ventilateur tour sans lame 517C : compact, silencieux, et s\u00fbr. Double vitesse et alimentation flexible. Id\u00e9al pour la chambre \u00e0 coucher.","og_url":"https:\/\/clima-pro.ch\/en\/product\/ventilateur-tour-sans-lame-517c\/","og_site_name":"Clim pro solutions","article_modified_time":"2024-10-08T11:15:05+00:00","og_image":[{"width":800,"height":800,"url":"https:\/\/clima-pro.ch\/wp-content\/uploads\/2024\/07\/268939091.webp","type":"image\/webp"}],"twitter_card":"summary_large_image","twitter_misc":{"Est. reading time":"1 minute"},"schema":{"@context":"https:\/\/schema.org","@graph":[{"@type":"WebPage","@id":"https:\/\/clima-pro.ch\/produit\/ventilateur-tour-sans-lame-517c\/","url":"https:\/\/clima-pro.ch\/produit\/ventilateur-tour-sans-lame-517c\/","name":"Ventilateur Tour Sans Lame 517C","isPartOf":{"@id":"https:\/\/clima-pro.ch\/#website"},"primaryImageOfPage":{"@id":"https:\/\/clima-pro.ch\/produit\/ventilateur-tour-sans-lame-517c\/#primaryimage"},"image":{"@id":"https:\/\/clima-pro.ch\/produit\/ventilateur-tour-sans-lame-517c\/#primaryimage"},"thumbnailUrl":"https:\/\/clima-pro.ch\/wp-content\/uploads\/2024\/07\/268939091.webp","datePublished":"2024-07-14T21:56:14+00:00","dateModified":"2024-10-08T11:15:05+00:00","description":"Ventilateur tour sans lame 517C : compact, silencieux, et s\u00fbr. Double vitesse et alimentation flexible. Id\u00e9al pour la chambre \u00e0 coucher.","breadcrumb":{"@id":"https:\/\/clima-pro.ch\/produit\/ventilateur-tour-sans-lame-517c\/#breadcrumb"},"inLanguage":"en-US","potentialAction":[{"@type":"ReadAction","target":["https:\/\/clima-pro.ch\/produit\/ventilateur-tour-sans-lame-517c\/"]}]},{"@type":"ImageObject","inLanguage":"en-US","@id":"https:\/\/clima-pro.ch\/produit\/ventilateur-tour-sans-lame-517c\/#primaryimage","url":"https:\/\/clima-pro.ch\/wp-content\/uploads\/2024\/07\/268939091.webp","contentUrl":"https:\/\/clima-pro.ch\/wp-content\/uploads\/2024\/07\/268939091.webp","width":800,"height":800,"caption":"Ventilateur Tour Sans Lame 517C 5"},{"@type":"BreadcrumbList","@id":"https:\/\/clima-pro.ch\/produit\/ventilateur-tour-sans-lame-517c\/#breadcrumb","itemListElement":[{"@type":"ListItem","position":1,"name":"Accueil","item":"https:\/\/clima-pro.ch\/"},{"@type":"ListItem","position":2,"name":"Boutique","item":"https:\/\/clima-pro.ch\/boutique\/"},{"@type":"ListItem","position":3,"name":"Ventilateur Tour Sans Lame 517C"}]},{"@type":"WebSite","@id":"https:\/\/clima-pro.ch\/#website","url":"https:\/\/clima-pro.ch\/","name":"Clim pro solutions","description":"","publisher":{"@id":"https:\/\/clima-pro.ch\/#organization"},"potentialAction":[{"@type":"SearchAction","target":{"@type":"EntryPoint","urlTemplate":"https:\/\/clima-pro.ch\/?s={search_term_string}"},"query-input":{"@type":"PropertyValueSpecification","valueRequired":true,"valueName":"search_term_string"}}],"inLanguage":"en-US"},{"@type":"Organization","@id":"https:\/\/clima-pro.ch\/#organization","name":"Clim pro solutions","url":"https:\/\/clima-pro.ch\/","logo":{"@type":"ImageObject","inLanguage":"en-US","@id":"https:\/\/clima-pro.ch\/#\/schema\/logo\/image\/","url":"https:\/\/clima-pro.ch\/wp-content\/uploads\/2024\/07\/Asset-5@22x-3-1.png","contentUrl":"https:\/\/clima-pro.ch\/wp-content\/uploads\/2024\/07\/Asset-5@22x-3-1.png","width":3334,"height":697,"caption":"Clim pro  solutions"},"image":{"@id":"https:\/\/clima-pro.ch\/#\/schema\/logo\/image\/"}}]}},"_links":{"self":[{"href":"https:\/\/clima-pro.ch\/en\/wp-json\/wp\/v2\/product\/2549","targetHints":{"allow":["GET"]}}],"collection":[{"href":"https:\/\/clima-pro.ch\/en\/wp-json\/wp\/v2\/product"}],"about":[{"href":"https:\/\/clima-pro.ch\/en\/wp-json\/wp\/v2\/types\/product"}],"replies":[{"embeddable":true,"href":"https:\/\/clima-pro.ch\/en\/wp-json\/wp\/v2\/comments?post=2549"}],"wp:featuredmedia":[{"embeddable":true,"href":"https:\/\/clima-pro.ch\/en\/wp-json\/wp\/v2\/media\/2554"}],"wp:attachment":[{"href":"https:\/\/clima-pro.ch\/en\/wp-json\/wp\/v2\/media?parent=2549"}],"wp:term":[{"taxonomy":"product_brand","embeddable":true,"href":"https:\/\/clima-pro.ch\/en\/wp-json\/wp\/v2\/product_brand?post=2549"},{"taxonomy":"product_cat","embeddable":true,"href":"https:\/\/clima-pro.ch\/en\/wp-json\/wp\/v2\/product_cat?post=2549"},{"taxonomy":"product_tag","embeddable":true,"href":"https:\/\/clima-pro.ch\/en\/wp-json\/wp\/v2\/product_tag?post=2549"}],"curies":[{"name":"wp","href":"https:\/\/api.w.org\/{rel}","templated":true}]}}