{"id":2483,"date":"2024-07-14T20:56:17","date_gmt":"2024-07-14T20:56:17","guid":{"rendered":"https:\/\/clima-pro.ch\/?post_type=product&#038;p=2483"},"modified":"2024-10-08T11:16:08","modified_gmt":"2024-10-08T11:16:08","slug":"ventilateur-de-camping-rechargeable-3-en-1","status":"publish","type":"product","link":"https:\/\/clima-pro.ch\/en\/product\/ventilateur-de-camping-rechargeable-3-en-1\/","title":{"rendered":"3-in-1 Rechargeable Camping Fan"},"content":{"rendered":"<p>Discover our rechargeable camping fan that combines modern design and functionality. Featuring a detachable aluminum tripod, this portable fan is ideal for all your outdoor or home activities. With its timing function and three adjustable speeds, enjoy personalized air circulation. In addition, it also serves as a power bank, making this device even more practical.<\/p>\n<h3>Advantages and Strengths<\/h3>\n<ul>\n<li><strong>Versatility<\/strong> : Can be used as a desk fan, ceiling fan, or chandelier.<\/li>\n<li><strong>Exceptional autonomy<\/strong> : Up to 27 hours of use depending on speed.<\/li>\n<li><strong>High quality tripod<\/strong> : Made of aluminum alloy, for increased durability.<\/li>\n<li><strong>Synchronization function<\/strong> : Set the usage time to 1h, 3h, or 5h.<\/li>\n<li><strong>Quiet and powerful<\/strong> : Enjoy a high quality brushless motor for strong wind without noise pollution.<\/li>\n<\/ul>","protected":false},"excerpt":{"rendered":"<p>3-in-1 Rechargeable Camping Fan, with Detachable Tripod, 3 Speeds and Power Bank Function. Ideal for all your fresh air needs.<\/p>","protected":false},"featured_media":2499,"comment_status":"open","ping_status":"closed","template":"","meta":{"site-sidebar-layout":"default","site-content-layout":"","ast-site-content-layout":"default","site-content-style":"default","site-sidebar-style":"default","ast-global-header-display":"","ast-banner-title-visibility":"","ast-main-header-display":"","ast-hfb-above-header-display":"","ast-hfb-below-header-display":"","ast-hfb-mobile-header-display":"","site-post-title":"","ast-breadcrumbs-content":"","ast-featured-img":"","footer-sml-layout":"","theme-transparent-header-meta":"default","adv-header-id-meta":"","stick-header-meta":"","header-above-stick-meta":"","header-main-stick-meta":"","header-below-stick-meta":"","astra-migrate-meta-layouts":"set","ast-page-background-enabled":"default","ast-page-background-meta":{"desktop":{"background-color":"var(--ast-global-color-4)","background-image":"","background-repeat":"repeat","background-position":"center center","background-size":"auto","background-attachment":"scroll","background-type":"","background-media":"","overlay-type":"","overlay-color":"","overlay-opacity":"","overlay-gradient":""},"tablet":{"background-color":"","background-image":"","background-repeat":"repeat","background-position":"center center","background-size":"auto","background-attachment":"scroll","background-type":"","background-media":"","overlay-type":"","overlay-color":"","overlay-opacity":"","overlay-gradient":""},"mobile":{"background-color":"","background-image":"","background-repeat":"repeat","background-position":"center center","background-size":"auto","background-attachment":"scroll","background-type":"","background-media":"","overlay-type":"","overlay-color":"","overlay-opacity":"","overlay-gradient":""}},"ast-content-background-meta":{"desktop":{"background-color":"var(--ast-global-color-5)","background-image":"","background-repeat":"repeat","background-position":"center center","background-size":"auto","background-attachment":"scroll","background-type":"","background-media":"","overlay-type":"","overlay-color":"","overlay-opacity":"","overlay-gradient":""},"tablet":{"background-color":"var(--ast-global-color-5)","background-image":"","background-repeat":"repeat","background-position":"center center","background-size":"auto","background-attachment":"scroll","background-type":"","background-media":"","overlay-type":"","overlay-color":"","overlay-opacity":"","overlay-gradient":""},"mobile":{"background-color":"var(--ast-global-color-5)","background-image":"","background-repeat":"repeat","background-position":"center center","background-size":"auto","background-attachment":"scroll","background-type":"","background-media":"","overlay-type":"","overlay-color":"","overlay-opacity":"","overlay-gradient":""}}},"product_brand":[],"product_cat":[261,35,169],"product_tag":[67,73,47,41,390],"class_list":{"0":"post-2483","1":"product","2":"type-product","3":"status-publish","4":"has-post-thumbnail","6":"product_cat-gestion-de-la-temperature","7":"product_cat-ventilateur-portable","8":"product_cat-ventilateurs","9":"product_tag-3-en-1","10":"product_tag-air","11":"product_tag-led","12":"product_tag-ventilateur","13":"product_tag-ventilateur-de-camping","14":"pa_color-10000mah-black","15":"pa_color-10000mah-white","16":"pa_color-4000mah-black","17":"pa_color-4000mah-white","18":"desktop-align-left","19":"tablet-align-left","20":"mobile-align-left","22":"first","23":"instock","24":"shipping-taxable","25":"purchasable","26":"product-type-variable"},"yoast_head":"<!-- This site is optimized with the Yoast SEO plugin v25.3 - https:\/\/yoast.com\/wordpress\/plugins\/seo\/ -->\n<title>Ventilateur de Camping Rechargeable 3-en-1<\/title>\n<meta name=\"description\" content=\"Ventilateur camping 3-en-1 rechargeable : portable, silencieux et polyvalent. Id\u00e9al pour vos activit\u00e9s en ext\u00e9rieur et \u00e0 la maison.\" \/>\n<meta name=\"robots\" content=\"index, follow, max-snippet:-1, max-image-preview:large, max-video-preview:-1\" \/>\n<link rel=\"canonical\" href=\"https:\/\/clima-pro.ch\/en\/product\/ventilateur-de-camping-rechargeable-3-en-1\/\" \/>\n<meta property=\"og:locale\" content=\"en_US\" \/>\n<meta property=\"og:type\" content=\"article\" \/>\n<meta property=\"og:title\" content=\"Ventilateur de Camping Rechargeable 3-en-1\" \/>\n<meta property=\"og:description\" content=\"Ventilateur camping 3-en-1 rechargeable : portable, silencieux et polyvalent. Id\u00e9al pour vos activit\u00e9s en ext\u00e9rieur et \u00e0 la maison.\" \/>\n<meta property=\"og:url\" content=\"https:\/\/clima-pro.ch\/en\/product\/ventilateur-de-camping-rechargeable-3-en-1\/\" \/>\n<meta property=\"og:site_name\" content=\"Clim pro solutions\" \/>\n<meta property=\"article:modified_time\" content=\"2024-10-08T11:16:08+00:00\" \/>\n<meta property=\"og:image\" content=\"https:\/\/clima-pro.ch\/wp-content\/uploads\/2024\/07\/Ventilateur-de-Camping-Rechargeable-3-en-1.jpeg\" \/>\n\t<meta property=\"og:image:width\" content=\"800\" \/>\n\t<meta property=\"og:image:height\" content=\"800\" \/>\n\t<meta property=\"og:image:type\" content=\"image\/jpeg\" \/>\n<meta name=\"twitter:card\" content=\"summary_large_image\" \/>\n<meta name=\"twitter:label1\" content=\"Est. reading time\" \/>\n\t<meta name=\"twitter:data1\" content=\"1 minute\" \/>\n<script type=\"application\/ld+json\" class=\"yoast-schema-graph\">{\"@context\":\"https:\/\/schema.org\",\"@graph\":[{\"@type\":\"WebPage\",\"@id\":\"https:\/\/clima-pro.ch\/produit\/ventilateur-de-camping-rechargeable-3-en-1\/\",\"url\":\"https:\/\/clima-pro.ch\/produit\/ventilateur-de-camping-rechargeable-3-en-1\/\",\"name\":\"Ventilateur de Camping Rechargeable 3-en-1\",\"isPartOf\":{\"@id\":\"https:\/\/clima-pro.ch\/#website\"},\"primaryImageOfPage\":{\"@id\":\"https:\/\/clima-pro.ch\/produit\/ventilateur-de-camping-rechargeable-3-en-1\/#primaryimage\"},\"image\":{\"@id\":\"https:\/\/clima-pro.ch\/produit\/ventilateur-de-camping-rechargeable-3-en-1\/#primaryimage\"},\"thumbnailUrl\":\"https:\/\/clima-pro.ch\/wp-content\/uploads\/2024\/07\/Ventilateur-de-Camping-Rechargeable-3-en-1.jpeg\",\"datePublished\":\"2024-07-14T20:56:17+00:00\",\"dateModified\":\"2024-10-08T11:16:08+00:00\",\"description\":\"Ventilateur camping 3-en-1 rechargeable : portable, silencieux et polyvalent. Id\u00e9al pour vos activit\u00e9s en ext\u00e9rieur et \u00e0 la maison.\",\"breadcrumb\":{\"@id\":\"https:\/\/clima-pro.ch\/produit\/ventilateur-de-camping-rechargeable-3-en-1\/#breadcrumb\"},\"inLanguage\":\"en-US\",\"potentialAction\":[{\"@type\":\"ReadAction\",\"target\":[\"https:\/\/clima-pro.ch\/produit\/ventilateur-de-camping-rechargeable-3-en-1\/\"]}]},{\"@type\":\"ImageObject\",\"inLanguage\":\"en-US\",\"@id\":\"https:\/\/clima-pro.ch\/produit\/ventilateur-de-camping-rechargeable-3-en-1\/#primaryimage\",\"url\":\"https:\/\/clima-pro.ch\/wp-content\/uploads\/2024\/07\/Ventilateur-de-Camping-Rechargeable-3-en-1.jpeg\",\"contentUrl\":\"https:\/\/clima-pro.ch\/wp-content\/uploads\/2024\/07\/Ventilateur-de-Camping-Rechargeable-3-en-1.jpeg\",\"width\":800,\"height\":800},{\"@type\":\"BreadcrumbList\",\"@id\":\"https:\/\/clima-pro.ch\/produit\/ventilateur-de-camping-rechargeable-3-en-1\/#breadcrumb\",\"itemListElement\":[{\"@type\":\"ListItem\",\"position\":1,\"name\":\"Accueil\",\"item\":\"https:\/\/clima-pro.ch\/\"},{\"@type\":\"ListItem\",\"position\":2,\"name\":\"Boutique\",\"item\":\"https:\/\/clima-pro.ch\/boutique\/\"},{\"@type\":\"ListItem\",\"position\":3,\"name\":\"Ventilateur de Camping Rechargeable 3-en-1\"}]},{\"@type\":\"WebSite\",\"@id\":\"https:\/\/clima-pro.ch\/#website\",\"url\":\"https:\/\/clima-pro.ch\/\",\"name\":\"Clim pro solutions\",\"description\":\"\",\"publisher\":{\"@id\":\"https:\/\/clima-pro.ch\/#organization\"},\"potentialAction\":[{\"@type\":\"SearchAction\",\"target\":{\"@type\":\"EntryPoint\",\"urlTemplate\":\"https:\/\/clima-pro.ch\/?s={search_term_string}\"},\"query-input\":{\"@type\":\"PropertyValueSpecification\",\"valueRequired\":true,\"valueName\":\"search_term_string\"}}],\"inLanguage\":\"en-US\"},{\"@type\":\"Organization\",\"@id\":\"https:\/\/clima-pro.ch\/#organization\",\"name\":\"Clim pro solutions\",\"url\":\"https:\/\/clima-pro.ch\/\",\"logo\":{\"@type\":\"ImageObject\",\"inLanguage\":\"en-US\",\"@id\":\"https:\/\/clima-pro.ch\/#\/schema\/logo\/image\/\",\"url\":\"https:\/\/clima-pro.ch\/wp-content\/uploads\/2024\/07\/Asset-5@22x-3-1.png\",\"contentUrl\":\"https:\/\/clima-pro.ch\/wp-content\/uploads\/2024\/07\/Asset-5@22x-3-1.png\",\"width\":3334,\"height\":697,\"caption\":\"Clim pro  solutions\"},\"image\":{\"@id\":\"https:\/\/clima-pro.ch\/#\/schema\/logo\/image\/\"}}]}<\/script>\n<!-- \/ Yoast SEO plugin. -->","yoast_head_json":{"title":"Ventilateur de Camping Rechargeable 3-en-1","description":"Ventilateur camping 3-en-1 rechargeable : portable, silencieux et polyvalent. Id\u00e9al pour vos activit\u00e9s en ext\u00e9rieur et \u00e0 la maison.","robots":{"index":"index","follow":"follow","max-snippet":"max-snippet:-1","max-image-preview":"max-image-preview:large","max-video-preview":"max-video-preview:-1"},"canonical":"https:\/\/clima-pro.ch\/en\/product\/ventilateur-de-camping-rechargeable-3-en-1\/","og_locale":"en_US","og_type":"article","og_title":"Ventilateur de Camping Rechargeable 3-en-1","og_description":"Ventilateur camping 3-en-1 rechargeable : portable, silencieux et polyvalent. Id\u00e9al pour vos activit\u00e9s en ext\u00e9rieur et \u00e0 la maison.","og_url":"https:\/\/clima-pro.ch\/en\/product\/ventilateur-de-camping-rechargeable-3-en-1\/","og_site_name":"Clim pro solutions","article_modified_time":"2024-10-08T11:16:08+00:00","og_image":[{"width":800,"height":800,"url":"https:\/\/clima-pro.ch\/wp-content\/uploads\/2024\/07\/Ventilateur-de-Camping-Rechargeable-3-en-1.jpeg","type":"image\/jpeg"}],"twitter_card":"summary_large_image","twitter_misc":{"Est. reading time":"1 minute"},"schema":{"@context":"https:\/\/schema.org","@graph":[{"@type":"WebPage","@id":"https:\/\/clima-pro.ch\/produit\/ventilateur-de-camping-rechargeable-3-en-1\/","url":"https:\/\/clima-pro.ch\/produit\/ventilateur-de-camping-rechargeable-3-en-1\/","name":"Ventilateur de Camping Rechargeable 3-en-1","isPartOf":{"@id":"https:\/\/clima-pro.ch\/#website"},"primaryImageOfPage":{"@id":"https:\/\/clima-pro.ch\/produit\/ventilateur-de-camping-rechargeable-3-en-1\/#primaryimage"},"image":{"@id":"https:\/\/clima-pro.ch\/produit\/ventilateur-de-camping-rechargeable-3-en-1\/#primaryimage"},"thumbnailUrl":"https:\/\/clima-pro.ch\/wp-content\/uploads\/2024\/07\/Ventilateur-de-Camping-Rechargeable-3-en-1.jpeg","datePublished":"2024-07-14T20:56:17+00:00","dateModified":"2024-10-08T11:16:08+00:00","description":"Ventilateur camping 3-en-1 rechargeable : portable, silencieux et polyvalent. Id\u00e9al pour vos activit\u00e9s en ext\u00e9rieur et \u00e0 la maison.","breadcrumb":{"@id":"https:\/\/clima-pro.ch\/produit\/ventilateur-de-camping-rechargeable-3-en-1\/#breadcrumb"},"inLanguage":"en-US","potentialAction":[{"@type":"ReadAction","target":["https:\/\/clima-pro.ch\/produit\/ventilateur-de-camping-rechargeable-3-en-1\/"]}]},{"@type":"ImageObject","inLanguage":"en-US","@id":"https:\/\/clima-pro.ch\/produit\/ventilateur-de-camping-rechargeable-3-en-1\/#primaryimage","url":"https:\/\/clima-pro.ch\/wp-content\/uploads\/2024\/07\/Ventilateur-de-Camping-Rechargeable-3-en-1.jpeg","contentUrl":"https:\/\/clima-pro.ch\/wp-content\/uploads\/2024\/07\/Ventilateur-de-Camping-Rechargeable-3-en-1.jpeg","width":800,"height":800},{"@type":"BreadcrumbList","@id":"https:\/\/clima-pro.ch\/produit\/ventilateur-de-camping-rechargeable-3-en-1\/#breadcrumb","itemListElement":[{"@type":"ListItem","position":1,"name":"Accueil","item":"https:\/\/clima-pro.ch\/"},{"@type":"ListItem","position":2,"name":"Boutique","item":"https:\/\/clima-pro.ch\/boutique\/"},{"@type":"ListItem","position":3,"name":"Ventilateur de Camping Rechargeable 3-en-1"}]},{"@type":"WebSite","@id":"https:\/\/clima-pro.ch\/#website","url":"https:\/\/clima-pro.ch\/","name":"Clim pro solutions","description":"","publisher":{"@id":"https:\/\/clima-pro.ch\/#organization"},"potentialAction":[{"@type":"SearchAction","target":{"@type":"EntryPoint","urlTemplate":"https:\/\/clima-pro.ch\/?s={search_term_string}"},"query-input":{"@type":"PropertyValueSpecification","valueRequired":true,"valueName":"search_term_string"}}],"inLanguage":"en-US"},{"@type":"Organization","@id":"https:\/\/clima-pro.ch\/#organization","name":"Clim pro solutions","url":"https:\/\/clima-pro.ch\/","logo":{"@type":"ImageObject","inLanguage":"en-US","@id":"https:\/\/clima-pro.ch\/#\/schema\/logo\/image\/","url":"https:\/\/clima-pro.ch\/wp-content\/uploads\/2024\/07\/Asset-5@22x-3-1.png","contentUrl":"https:\/\/clima-pro.ch\/wp-content\/uploads\/2024\/07\/Asset-5@22x-3-1.png","width":3334,"height":697,"caption":"Clim pro  solutions"},"image":{"@id":"https:\/\/clima-pro.ch\/#\/schema\/logo\/image\/"}}]}},"_links":{"self":[{"href":"https:\/\/clima-pro.ch\/en\/wp-json\/wp\/v2\/product\/2483","targetHints":{"allow":["GET"]}}],"collection":[{"href":"https:\/\/clima-pro.ch\/en\/wp-json\/wp\/v2\/product"}],"about":[{"href":"https:\/\/clima-pro.ch\/en\/wp-json\/wp\/v2\/types\/product"}],"replies":[{"embeddable":true,"href":"https:\/\/clima-pro.ch\/en\/wp-json\/wp\/v2\/comments?post=2483"}],"wp:featuredmedia":[{"embeddable":true,"href":"https:\/\/clima-pro.ch\/en\/wp-json\/wp\/v2\/media\/2499"}],"wp:attachment":[{"href":"https:\/\/clima-pro.ch\/en\/wp-json\/wp\/v2\/media?parent=2483"}],"wp:term":[{"taxonomy":"product_brand","embeddable":true,"href":"https:\/\/clima-pro.ch\/en\/wp-json\/wp\/v2\/product_brand?post=2483"},{"taxonomy":"product_cat","embeddable":true,"href":"https:\/\/clima-pro.ch\/en\/wp-json\/wp\/v2\/product_cat?post=2483"},{"taxonomy":"product_tag","embeddable":true,"href":"https:\/\/clima-pro.ch\/en\/wp-json\/wp\/v2\/product_tag?post=2483"}],"curies":[{"name":"wp","href":"https:\/\/api.w.org\/{rel}","templated":true}]}}