{"id":2152,"date":"2024-07-14T11:40:39","date_gmt":"2024-07-14T11:40:39","guid":{"rendered":"https:\/\/clima-pro.ch\/?post_type=product&#038;p=2152"},"modified":"2024-10-08T11:15:05","modified_gmt":"2024-10-08T11:15:05","slug":"humidificateur-a-brume-4l-avec-controle-dhumidite-silencieux","status":"publish","type":"product","link":"https:\/\/clima-pro.ch\/en\/product\/humidificateur-a-brume-4l-avec-controle-dhumidite-silencieux\/","title":{"rendered":"4L Mist Humidifier with Quiet Humidity Control"},"content":{"rendered":"<p>Discover the Xiaomi ATA JIA 2 humidifier, a high-performance device designed for optimal humidification at home or in the office. With a capacity of 4L and a mist flow rate of 300ml\/h, it guarantees continuous and efficient humidification throughout the day. Its misting technology ensures silent and uniform humidification, while precise humidity level control maintains a comfortable and healthy environment. Easy to recharge and clean, this humidifier with a classic columnar design fits perfectly into any interior.<\/p>\n<h3>Advantages and Strengths<\/h3>\n<ul>\n<li><strong>Large Capacity<\/strong>: 4L tank for continuous and prolonged humidification.<\/li>\n<li><strong>High Efficiency<\/strong>: 300ml\/h mist flow for constant hydration.<\/li>\n<li><strong>Precise Humidity Control<\/strong>: Maintain an optimal humidity level for your comfort.<\/li>\n<li><strong>Silent<\/strong>: Operation at less than 36 dB, ideal for quiet environments.<\/li>\n<li><strong>Classic Design<\/strong>: Elegant columnar shape that blends in with any decor.<\/li>\n<li><strong>Easy to Refill and Clean<\/strong>: Filling without opening the lid and large diameter water tank for thorough cleaning.<\/li>\n<li><strong>360\u00b0 Rotating Mist<\/strong>: Uniform diffusion of mist in all directions.<\/li>\n<li><strong>Antibacterial Technology<\/strong>: Ionic silver for 99.9% clean water.<\/li>\n<\/ul>","protected":false},"excerpt":{"rendered":"<p>The Xiaomi ATA JIA 2, a 4L mist humidifier with humidity control, provides quiet and efficient humidification, perfect for home or office.<\/p>","protected":false},"featured_media":2172,"comment_status":"open","ping_status":"closed","template":"","meta":{"site-sidebar-layout":"default","site-content-layout":"","ast-site-content-layout":"default","site-content-style":"default","site-sidebar-style":"default","ast-global-header-display":"","ast-banner-title-visibility":"","ast-main-header-display":"","ast-hfb-above-header-display":"","ast-hfb-below-header-display":"","ast-hfb-mobile-header-display":"","site-post-title":"","ast-breadcrumbs-content":"","ast-featured-img":"","footer-sml-layout":"","theme-transparent-header-meta":"default","adv-header-id-meta":"","stick-header-meta":"","header-above-stick-meta":"","header-main-stick-meta":"","header-below-stick-meta":"","astra-migrate-meta-layouts":"set","ast-page-background-enabled":"default","ast-page-background-meta":{"desktop":{"background-color":"var(--ast-global-color-4)","background-image":"","background-repeat":"repeat","background-position":"center center","background-size":"auto","background-attachment":"scroll","background-type":"","background-media":"","overlay-type":"","overlay-color":"","overlay-opacity":"","overlay-gradient":""},"tablet":{"background-color":"","background-image":"","background-repeat":"repeat","background-position":"center center","background-size":"auto","background-attachment":"scroll","background-type":"","background-media":"","overlay-type":"","overlay-color":"","overlay-opacity":"","overlay-gradient":""},"mobile":{"background-color":"","background-image":"","background-repeat":"repeat","background-position":"center center","background-size":"auto","background-attachment":"scroll","background-type":"","background-media":"","overlay-type":"","overlay-color":"","overlay-opacity":"","overlay-gradient":""}},"ast-content-background-meta":{"desktop":{"background-color":"var(--ast-global-color-5)","background-image":"","background-repeat":"repeat","background-position":"center center","background-size":"auto","background-attachment":"scroll","background-type":"","background-media":"","overlay-type":"","overlay-color":"","overlay-opacity":"","overlay-gradient":""},"tablet":{"background-color":"var(--ast-global-color-5)","background-image":"","background-repeat":"repeat","background-position":"center center","background-size":"auto","background-attachment":"scroll","background-type":"","background-media":"","overlay-type":"","overlay-color":"","overlay-opacity":"","overlay-gradient":""},"mobile":{"background-color":"var(--ast-global-color-5)","background-image":"","background-repeat":"repeat","background-position":"center center","background-size":"auto","background-attachment":"scroll","background-type":"","background-media":"","overlay-type":"","overlay-color":"","overlay-opacity":"","overlay-gradient":""}}},"product_brand":[],"product_cat":[259,145],"product_tag":[319,73,317,33,146,318],"class_list":{"0":"post-2152","1":"product","2":"type-product","3":"status-publish","4":"has-post-thumbnail","6":"product_cat-gestion-de-lhumidite","7":"product_cat-humidificateur","8":"product_tag-4l","9":"product_tag-air","10":"product_tag-ata","11":"product_tag-ete","12":"product_tag-humidificateur","13":"product_tag-humidite","14":"pa_type-de-prise-eu","15":"desktop-align-left","16":"tablet-align-left","17":"mobile-align-left","19":"first","20":"instock","21":"shipping-taxable","22":"purchasable","23":"product-type-simple"},"yoast_head":"<!-- This site is optimized with the Yoast SEO plugin v25.3 - https:\/\/yoast.com\/wordpress\/plugins\/seo\/ -->\n<title>Humidificateur \u00e0 Brume 4L avec Contr\u00f4le d&#039;Humidit\u00e9 Silencieux<\/title>\n<meta name=\"description\" content=\"Humidificateur Xiaomi ATA JIA 2: 4L, brume 300ml\/h, silencieux, contr\u00f4le d&#039;humidit\u00e9, design classique, antibact\u00e9rien, facile \u00e0 recharger et nettoyer.\" \/>\n<meta name=\"robots\" content=\"index, follow, max-snippet:-1, max-image-preview:large, max-video-preview:-1\" \/>\n<link rel=\"canonical\" href=\"https:\/\/clima-pro.ch\/en\/product\/humidificateur-a-brume-4l-avec-controle-dhumidite-silencieux\/\" \/>\n<meta property=\"og:locale\" content=\"en_US\" \/>\n<meta property=\"og:type\" content=\"article\" \/>\n<meta property=\"og:title\" content=\"Humidificateur \u00e0 Brume 4L avec Contr\u00f4le d&#039;Humidit\u00e9 Silencieux\" \/>\n<meta property=\"og:description\" content=\"Humidificateur Xiaomi ATA JIA 2: 4L, brume 300ml\/h, silencieux, contr\u00f4le d&#039;humidit\u00e9, design classique, antibact\u00e9rien, facile \u00e0 recharger et nettoyer.\" \/>\n<meta property=\"og:url\" content=\"https:\/\/clima-pro.ch\/en\/product\/humidificateur-a-brume-4l-avec-controle-dhumidite-silencieux\/\" \/>\n<meta property=\"og:site_name\" content=\"Clim pro solutions\" \/>\n<meta property=\"article:modified_time\" content=\"2024-10-08T11:15:05+00:00\" \/>\n<meta property=\"og:image\" content=\"https:\/\/clima-pro.ch\/wp-content\/uploads\/2024\/07\/Humidificateur-a-Brume-4L-avec-Controle-dHumidite-Silencieux.jpeg\" \/>\n\t<meta property=\"og:image:width\" content=\"800\" \/>\n\t<meta property=\"og:image:height\" content=\"800\" \/>\n\t<meta property=\"og:image:type\" content=\"image\/jpeg\" \/>\n<meta name=\"twitter:card\" content=\"summary_large_image\" \/>\n<meta name=\"twitter:label1\" content=\"Est. reading time\" \/>\n\t<meta name=\"twitter:data1\" content=\"2 minutes\" \/>\n<script type=\"application\/ld+json\" class=\"yoast-schema-graph\">{\"@context\":\"https:\/\/schema.org\",\"@graph\":[{\"@type\":\"WebPage\",\"@id\":\"https:\/\/clima-pro.ch\/produit\/humidificateur-a-brume-4l-avec-controle-dhumidite-silencieux\/\",\"url\":\"https:\/\/clima-pro.ch\/produit\/humidificateur-a-brume-4l-avec-controle-dhumidite-silencieux\/\",\"name\":\"Humidificateur \u00e0 Brume 4L avec Contr\u00f4le d'Humidit\u00e9 Silencieux\",\"isPartOf\":{\"@id\":\"https:\/\/clima-pro.ch\/#website\"},\"primaryImageOfPage\":{\"@id\":\"https:\/\/clima-pro.ch\/produit\/humidificateur-a-brume-4l-avec-controle-dhumidite-silencieux\/#primaryimage\"},\"image\":{\"@id\":\"https:\/\/clima-pro.ch\/produit\/humidificateur-a-brume-4l-avec-controle-dhumidite-silencieux\/#primaryimage\"},\"thumbnailUrl\":\"https:\/\/clima-pro.ch\/wp-content\/uploads\/2024\/07\/Humidificateur-a-Brume-4L-avec-Controle-dHumidite-Silencieux.jpeg\",\"datePublished\":\"2024-07-14T11:40:39+00:00\",\"dateModified\":\"2024-10-08T11:15:05+00:00\",\"description\":\"Humidificateur Xiaomi ATA JIA 2: 4L, brume 300ml\/h, silencieux, contr\u00f4le d'humidit\u00e9, design classique, antibact\u00e9rien, facile \u00e0 recharger et nettoyer.\",\"breadcrumb\":{\"@id\":\"https:\/\/clima-pro.ch\/produit\/humidificateur-a-brume-4l-avec-controle-dhumidite-silencieux\/#breadcrumb\"},\"inLanguage\":\"en-US\",\"potentialAction\":[{\"@type\":\"ReadAction\",\"target\":[\"https:\/\/clima-pro.ch\/produit\/humidificateur-a-brume-4l-avec-controle-dhumidite-silencieux\/\"]}]},{\"@type\":\"ImageObject\",\"inLanguage\":\"en-US\",\"@id\":\"https:\/\/clima-pro.ch\/produit\/humidificateur-a-brume-4l-avec-controle-dhumidite-silencieux\/#primaryimage\",\"url\":\"https:\/\/clima-pro.ch\/wp-content\/uploads\/2024\/07\/Humidificateur-a-Brume-4L-avec-Controle-dHumidite-Silencieux.jpeg\",\"contentUrl\":\"https:\/\/clima-pro.ch\/wp-content\/uploads\/2024\/07\/Humidificateur-a-Brume-4L-avec-Controle-dHumidite-Silencieux.jpeg\",\"width\":800,\"height\":800},{\"@type\":\"BreadcrumbList\",\"@id\":\"https:\/\/clima-pro.ch\/produit\/humidificateur-a-brume-4l-avec-controle-dhumidite-silencieux\/#breadcrumb\",\"itemListElement\":[{\"@type\":\"ListItem\",\"position\":1,\"name\":\"Accueil\",\"item\":\"https:\/\/clima-pro.ch\/\"},{\"@type\":\"ListItem\",\"position\":2,\"name\":\"Boutique\",\"item\":\"https:\/\/clima-pro.ch\/boutique\/\"},{\"@type\":\"ListItem\",\"position\":3,\"name\":\"Humidificateur \u00e0 Brume 4L avec Contr\u00f4le d&#8217;Humidit\u00e9 Silencieux\"}]},{\"@type\":\"WebSite\",\"@id\":\"https:\/\/clima-pro.ch\/#website\",\"url\":\"https:\/\/clima-pro.ch\/\",\"name\":\"Clim pro solutions\",\"description\":\"\",\"publisher\":{\"@id\":\"https:\/\/clima-pro.ch\/#organization\"},\"potentialAction\":[{\"@type\":\"SearchAction\",\"target\":{\"@type\":\"EntryPoint\",\"urlTemplate\":\"https:\/\/clima-pro.ch\/?s={search_term_string}\"},\"query-input\":{\"@type\":\"PropertyValueSpecification\",\"valueRequired\":true,\"valueName\":\"search_term_string\"}}],\"inLanguage\":\"en-US\"},{\"@type\":\"Organization\",\"@id\":\"https:\/\/clima-pro.ch\/#organization\",\"name\":\"Clim pro solutions\",\"url\":\"https:\/\/clima-pro.ch\/\",\"logo\":{\"@type\":\"ImageObject\",\"inLanguage\":\"en-US\",\"@id\":\"https:\/\/clima-pro.ch\/#\/schema\/logo\/image\/\",\"url\":\"https:\/\/clima-pro.ch\/wp-content\/uploads\/2024\/07\/Asset-5@22x-3-1.png\",\"contentUrl\":\"https:\/\/clima-pro.ch\/wp-content\/uploads\/2024\/07\/Asset-5@22x-3-1.png\",\"width\":3334,\"height\":697,\"caption\":\"Clim pro  solutions\"},\"image\":{\"@id\":\"https:\/\/clima-pro.ch\/#\/schema\/logo\/image\/\"}}]}<\/script>\n<!-- \/ Yoast SEO plugin. -->","yoast_head_json":{"title":"Humidificateur \u00e0 Brume 4L avec Contr\u00f4le d'Humidit\u00e9 Silencieux","description":"Humidificateur Xiaomi ATA JIA 2: 4L, brume 300ml\/h, silencieux, contr\u00f4le d'humidit\u00e9, design classique, antibact\u00e9rien, facile \u00e0 recharger et nettoyer.","robots":{"index":"index","follow":"follow","max-snippet":"max-snippet:-1","max-image-preview":"max-image-preview:large","max-video-preview":"max-video-preview:-1"},"canonical":"https:\/\/clima-pro.ch\/en\/product\/humidificateur-a-brume-4l-avec-controle-dhumidite-silencieux\/","og_locale":"en_US","og_type":"article","og_title":"Humidificateur \u00e0 Brume 4L avec Contr\u00f4le d'Humidit\u00e9 Silencieux","og_description":"Humidificateur Xiaomi ATA JIA 2: 4L, brume 300ml\/h, silencieux, contr\u00f4le d'humidit\u00e9, design classique, antibact\u00e9rien, facile \u00e0 recharger et nettoyer.","og_url":"https:\/\/clima-pro.ch\/en\/product\/humidificateur-a-brume-4l-avec-controle-dhumidite-silencieux\/","og_site_name":"Clim pro solutions","article_modified_time":"2024-10-08T11:15:05+00:00","og_image":[{"width":800,"height":800,"url":"https:\/\/clima-pro.ch\/wp-content\/uploads\/2024\/07\/Humidificateur-a-Brume-4L-avec-Controle-dHumidite-Silencieux.jpeg","type":"image\/jpeg"}],"twitter_card":"summary_large_image","twitter_misc":{"Est. reading time":"2 minutes"},"schema":{"@context":"https:\/\/schema.org","@graph":[{"@type":"WebPage","@id":"https:\/\/clima-pro.ch\/produit\/humidificateur-a-brume-4l-avec-controle-dhumidite-silencieux\/","url":"https:\/\/clima-pro.ch\/produit\/humidificateur-a-brume-4l-avec-controle-dhumidite-silencieux\/","name":"Humidificateur \u00e0 Brume 4L avec Contr\u00f4le d'Humidit\u00e9 Silencieux","isPartOf":{"@id":"https:\/\/clima-pro.ch\/#website"},"primaryImageOfPage":{"@id":"https:\/\/clima-pro.ch\/produit\/humidificateur-a-brume-4l-avec-controle-dhumidite-silencieux\/#primaryimage"},"image":{"@id":"https:\/\/clima-pro.ch\/produit\/humidificateur-a-brume-4l-avec-controle-dhumidite-silencieux\/#primaryimage"},"thumbnailUrl":"https:\/\/clima-pro.ch\/wp-content\/uploads\/2024\/07\/Humidificateur-a-Brume-4L-avec-Controle-dHumidite-Silencieux.jpeg","datePublished":"2024-07-14T11:40:39+00:00","dateModified":"2024-10-08T11:15:05+00:00","description":"Humidificateur Xiaomi ATA JIA 2: 4L, brume 300ml\/h, silencieux, contr\u00f4le d'humidit\u00e9, design classique, antibact\u00e9rien, facile \u00e0 recharger et nettoyer.","breadcrumb":{"@id":"https:\/\/clima-pro.ch\/produit\/humidificateur-a-brume-4l-avec-controle-dhumidite-silencieux\/#breadcrumb"},"inLanguage":"en-US","potentialAction":[{"@type":"ReadAction","target":["https:\/\/clima-pro.ch\/produit\/humidificateur-a-brume-4l-avec-controle-dhumidite-silencieux\/"]}]},{"@type":"ImageObject","inLanguage":"en-US","@id":"https:\/\/clima-pro.ch\/produit\/humidificateur-a-brume-4l-avec-controle-dhumidite-silencieux\/#primaryimage","url":"https:\/\/clima-pro.ch\/wp-content\/uploads\/2024\/07\/Humidificateur-a-Brume-4L-avec-Controle-dHumidite-Silencieux.jpeg","contentUrl":"https:\/\/clima-pro.ch\/wp-content\/uploads\/2024\/07\/Humidificateur-a-Brume-4L-avec-Controle-dHumidite-Silencieux.jpeg","width":800,"height":800},{"@type":"BreadcrumbList","@id":"https:\/\/clima-pro.ch\/produit\/humidificateur-a-brume-4l-avec-controle-dhumidite-silencieux\/#breadcrumb","itemListElement":[{"@type":"ListItem","position":1,"name":"Accueil","item":"https:\/\/clima-pro.ch\/"},{"@type":"ListItem","position":2,"name":"Boutique","item":"https:\/\/clima-pro.ch\/boutique\/"},{"@type":"ListItem","position":3,"name":"Humidificateur \u00e0 Brume 4L avec Contr\u00f4le d&#8217;Humidit\u00e9 Silencieux"}]},{"@type":"WebSite","@id":"https:\/\/clima-pro.ch\/#website","url":"https:\/\/clima-pro.ch\/","name":"Clim pro solutions","description":"","publisher":{"@id":"https:\/\/clima-pro.ch\/#organization"},"potentialAction":[{"@type":"SearchAction","target":{"@type":"EntryPoint","urlTemplate":"https:\/\/clima-pro.ch\/?s={search_term_string}"},"query-input":{"@type":"PropertyValueSpecification","valueRequired":true,"valueName":"search_term_string"}}],"inLanguage":"en-US"},{"@type":"Organization","@id":"https:\/\/clima-pro.ch\/#organization","name":"Clim pro solutions","url":"https:\/\/clima-pro.ch\/","logo":{"@type":"ImageObject","inLanguage":"en-US","@id":"https:\/\/clima-pro.ch\/#\/schema\/logo\/image\/","url":"https:\/\/clima-pro.ch\/wp-content\/uploads\/2024\/07\/Asset-5@22x-3-1.png","contentUrl":"https:\/\/clima-pro.ch\/wp-content\/uploads\/2024\/07\/Asset-5@22x-3-1.png","width":3334,"height":697,"caption":"Clim pro  solutions"},"image":{"@id":"https:\/\/clima-pro.ch\/#\/schema\/logo\/image\/"}}]}},"_links":{"self":[{"href":"https:\/\/clima-pro.ch\/en\/wp-json\/wp\/v2\/product\/2152","targetHints":{"allow":["GET"]}}],"collection":[{"href":"https:\/\/clima-pro.ch\/en\/wp-json\/wp\/v2\/product"}],"about":[{"href":"https:\/\/clima-pro.ch\/en\/wp-json\/wp\/v2\/types\/product"}],"replies":[{"embeddable":true,"href":"https:\/\/clima-pro.ch\/en\/wp-json\/wp\/v2\/comments?post=2152"}],"wp:featuredmedia":[{"embeddable":true,"href":"https:\/\/clima-pro.ch\/en\/wp-json\/wp\/v2\/media\/2172"}],"wp:attachment":[{"href":"https:\/\/clima-pro.ch\/en\/wp-json\/wp\/v2\/media?parent=2152"}],"wp:term":[{"taxonomy":"product_brand","embeddable":true,"href":"https:\/\/clima-pro.ch\/en\/wp-json\/wp\/v2\/product_brand?post=2152"},{"taxonomy":"product_cat","embeddable":true,"href":"https:\/\/clima-pro.ch\/en\/wp-json\/wp\/v2\/product_cat?post=2152"},{"taxonomy":"product_tag","embeddable":true,"href":"https:\/\/clima-pro.ch\/en\/wp-json\/wp\/v2\/product_tag?post=2152"}],"curies":[{"name":"wp","href":"https:\/\/api.w.org\/{rel}","templated":true}]}}